{"id":295,"date":"2021-05-20T18:47:01","date_gmt":"2021-05-20T18:47:01","guid":{"rendered":"https:\/\/madamhag.com\/?post_type=product&#038;p=295"},"modified":"2024-02-07T00:26:36","modified_gmt":"2024-02-07T00:26:36","slug":"dont-look-at-me","status":"publish","type":"product","link":"https:\/\/madamhag.com\/index.php\/produit\/dont-look-at-me\/","title":{"rendered":"Impression d\u2019art &#8211; Don&rsquo;t look at me &#8211; Edition limit\u00e9e"},"content":{"rendered":"<h4>+ Don&rsquo;t look at me +<\/h4>\n<p>\u2013 2021 \u2013<\/p>\n<p>Collage num\u00e9rique original MADAMHAG<\/p>\n<p>Edition sign\u00e9e et limit\u00e9e \u00e0 20 exemplaires.<\/p>\n<p>Chaque exemplaire est num\u00e9rot\u00e9 \u00e0 la main.<\/p>\n<p class=\"product-name\">Tirage jet d\u2019encre pigmentaire sur papier d\u2019art mat Hahnem\u00fchle Photo Rag\u00ae 308<\/p>\n<p class=\"product-name\">Format : 30&#215;30 cm<\/p>\n<p>Papier 100% coton, sans acide et PH neutre.<\/p>\n<p>Chaque visuel est imprim\u00e9 avec marges blanches.<\/p>\n","protected":false},"excerpt":{"rendered":"<p>Collage num\u00e9rique original MADAMHAG &#8211; 2021<\/p>\n<p>Edition sign\u00e9e et limit\u00e9e \u00e0 20 exemplaires.<\/p>\n<p>Chaque exemplaire est num\u00e9rot\u00e9 \u00e0 la main.<\/p>\n<p class=\"product-name\">Tirage jet d\u2019encre pigmentaire sur papier d\u2019art mat Hahnem\u00fchle Photo Rag\u00ae 308<\/p>\n<p class=\"product-name\">Format : 30&#215;30 cm<\/p>\n<p>Papier 100% coton, sans acide et PH neutre.<\/p>\n","protected":false},"featured_media":552,"comment_status":"open","ping_status":"closed","template":"","meta":{"_monsterinsights_skip_tracking":false,"_monsterinsights_sitenote_active":false,"_monsterinsights_sitenote_note":"","_monsterinsights_sitenote_category":0},"product_brand":[],"product_cat":[20],"product_tag":[],"class_list":{"0":"post-295","1":"product","2":"type-product","3":"status-publish","4":"has-post-thumbnail","6":"product_cat-tirages-dart","8":"first","9":"instock","10":"shipping-taxable","11":"purchasable","12":"product-type-simple"},"_links":{"self":[{"href":"https:\/\/madamhag.com\/index.php\/wp-json\/wp\/v2\/product\/295","targetHints":{"allow":["GET"]}}],"collection":[{"href":"https:\/\/madamhag.com\/index.php\/wp-json\/wp\/v2\/product"}],"about":[{"href":"https:\/\/madamhag.com\/index.php\/wp-json\/wp\/v2\/types\/product"}],"replies":[{"embeddable":true,"href":"https:\/\/madamhag.com\/index.php\/wp-json\/wp\/v2\/comments?post=295"}],"wp:featuredmedia":[{"embeddable":true,"href":"https:\/\/madamhag.com\/index.php\/wp-json\/wp\/v2\/media\/552"}],"wp:attachment":[{"href":"https:\/\/madamhag.com\/index.php\/wp-json\/wp\/v2\/media?parent=295"}],"wp:term":[{"taxonomy":"product_brand","embeddable":true,"href":"https:\/\/madamhag.com\/index.php\/wp-json\/wp\/v2\/product_brand?post=295"},{"taxonomy":"product_cat","embeddable":true,"href":"https:\/\/madamhag.com\/index.php\/wp-json\/wp\/v2\/product_cat?post=295"},{"taxonomy":"product_tag","embeddable":true,"href":"https:\/\/madamhag.com\/index.php\/wp-json\/wp\/v2\/product_tag?post=295"}],"curies":[{"name":"wp","href":"https:\/\/api.w.org\/{rel}","templated":true}]}}